{"id":40,"date":"2022-06-08T12:10:28","date_gmt":"2022-06-08T10:10:28","guid":{"rendered":"https:\/\/laruchemelipone.fr\/?page_id=40"},"modified":"2023-07-20T12:32:25","modified_gmt":"2023-07-20T10:32:25","slug":"accueil","status":"publish","type":"page","link":"https:\/\/www.laruchemelipone.fr\/","title":{"rendered":"Bienvenue dans la Ruche"},"content":{"rendered":"\n<div class=\"wp-block-group alignfull has-background\" style=\"background-color:#f8f4e4\"><div class=\"wp-block-group__inner-container is-layout-flow wp-block-group-is-layout-flow\">\n<div class=\"wp-block-columns alignwide is-layout-flex wp-container-core-columns-is-layout-9d6595d7 wp-block-columns-is-layout-flex\">\n<div class=\"wp-block-column is-layout-flow wp-block-column-is-layout-flow\">\n<div style=\"height:100px\" aria-hidden=\"true\" class=\"wp-block-spacer\"><\/div>\n\n\n\n<p class=\"has-text-color\" style=\"color:#000000;font-size:5vw;line-height:1.1\"><strong>D\u00e9couvrez <\/strong>Lamalou-les-Bains<strong>.<\/strong><\/p>\n\n\n\n<div style=\"height:5px\" aria-hidden=\"true\" class=\"wp-block-spacer\"><\/div>\n<\/div>\n<\/div>\n\n\n\n<div class=\"wp-block-columns alignwide is-layout-flex wp-container-core-columns-is-layout-9d6595d7 wp-block-columns-is-layout-flex\">\n<div class=\"wp-block-column is-layout-flow wp-block-column-is-layout-flow\" style=\"flex-basis:33.38%\">\n<p class=\"has-text-color has-extra-small-font-size\" style=\"color:#000000\">Nos g\u00eetes meubl\u00e9s sont situ\u00e9s \u00e0 Lamalou-les-Bains, commune situ\u00e9e au sein du <a href=\"https:\/\/www.parc-haut-languedoc.fr\/\" data-type=\"URL\" data-id=\"https:\/\/www.parc-haut-languedoc.fr\/\">Parc Naturel R\u00e9gional du Haut-Languedoc<\/a> dans l&rsquo;H\u00e9rault \u00e0 environ 80 kilom\u00e8tres de Montpellier.<\/p>\n\n\n\n<p>Les Thermes de Lamalou sont exploit\u00e9es depuis le XIX\u00e8me si\u00e8cle. Riches d&rsquo;une quinzaine de sources environ, seulement deux d&rsquo;entre-elles, et pas les moindres, sont g\u00e9r\u00e9s par la <strong><a href=\"https:\/\/www.chainethermale.fr\/\" data-type=\"URL\" data-id=\"https:\/\/www.chainethermale.fr\/\">Chaine Thermale du Soleil<\/a><\/strong> et accueillent environ 13 000 curistes par an.<\/p>\n\n\n\n<p>Le Parc de l\u2019Usclade, avec son kiosque musical du XIX\u00e8me si\u00e8cle, domine les Thermes avec de nombreuses essences d&rsquo;arbres et fleurs en toutes saisons. Les \u00c9glises Saint-Pierre et Saint-Paul sont de beaux exemples de l\u2019Art Roman\u2026 La beaut\u00e9 naturelle et parfois insolite des alentours de notre cit\u00e9 thermale est \u00e0 d\u00e9couvrir absolument \u00e0 pied ou \u00e0 v\u00e9lo! Bon nombre de b\u00e2timents, comme le Casino, vous rappelleront toute une \u00e9poque, sans oublier la grande rue pi\u00e9tonne avec ses boutiques et nombreux restaurants qui sauront vous ravir tout au long de votre s\u00e9jour.<\/p>\n<\/div>\n\n\n\n<div class=\"wp-block-column is-layout-flow wp-block-column-is-layout-flow\" style=\"flex-basis:33%\">\n<div style=\"height:100px\" aria-hidden=\"true\" class=\"wp-block-spacer\"><\/div>\n\n\n\n<figure class=\"wp-block-image size-large\"><img loading=\"lazy\" decoding=\"async\" width=\"768\" height=\"1024\" src=\"https:\/\/laruchemelipone.fr\/wp-content\/uploads\/2022\/11\/5bdfad89-8bdc-4215-a81d-3d3a14c188a2-768x1024.jpg\" alt=\"\" class=\"wp-image-333\" srcset=\"https:\/\/www.laruchemelipone.fr\/wp-content\/uploads\/2022\/11\/5bdfad89-8bdc-4215-a81d-3d3a14c188a2-768x1024.jpg 768w, https:\/\/www.laruchemelipone.fr\/wp-content\/uploads\/2022\/11\/5bdfad89-8bdc-4215-a81d-3d3a14c188a2-225x300.jpg 225w, https:\/\/www.laruchemelipone.fr\/wp-content\/uploads\/2022\/11\/5bdfad89-8bdc-4215-a81d-3d3a14c188a2-1152x1536.jpg 1152w, https:\/\/www.laruchemelipone.fr\/wp-content\/uploads\/2022\/11\/5bdfad89-8bdc-4215-a81d-3d3a14c188a2.jpg 1200w\" sizes=\"auto, (max-width: 768px) 100vw, 768px\" \/><\/figure>\n<\/div>\n\n\n\n<div class=\"wp-block-column is-layout-flow wp-block-column-is-layout-flow\" style=\"flex-basis:33.62%\">\n<figure class=\"wp-block-image size-large\"><img loading=\"lazy\" decoding=\"async\" width=\"768\" height=\"1024\" src=\"https:\/\/laruchemelipone.fr\/wp-content\/uploads\/2022\/11\/IMG_2788-gigapixel-standard-scale-4_00x-768x1024.jpg\" alt=\"\" class=\"wp-image-335\" srcset=\"https:\/\/www.laruchemelipone.fr\/wp-content\/uploads\/2022\/11\/IMG_2788-gigapixel-standard-scale-4_00x-768x1024.jpg 768w, https:\/\/www.laruchemelipone.fr\/wp-content\/uploads\/2022\/11\/IMG_2788-gigapixel-standard-scale-4_00x-225x300.jpg 225w, https:\/\/www.laruchemelipone.fr\/wp-content\/uploads\/2022\/11\/IMG_2788-gigapixel-standard-scale-4_00x-1152x1536.jpg 1152w, https:\/\/www.laruchemelipone.fr\/wp-content\/uploads\/2022\/11\/IMG_2788-gigapixel-standard-scale-4_00x-1536x2048.jpg 1536w, https:\/\/www.laruchemelipone.fr\/wp-content\/uploads\/2022\/11\/IMG_2788-gigapixel-standard-scale-4_00x-1200x1600.jpg 1200w, https:\/\/www.laruchemelipone.fr\/wp-content\/uploads\/2022\/11\/IMG_2788-gigapixel-standard-scale-4_00x.jpg 1920w\" sizes=\"auto, (max-width: 768px) 100vw, 768px\" \/><\/figure>\n<\/div>\n<\/div>\n\n\n\n<div class=\"wp-block-columns alignwide is-layout-flex wp-container-core-columns-is-layout-9d6595d7 wp-block-columns-is-layout-flex\">\n<div class=\"wp-block-column is-layout-flow wp-block-column-is-layout-flow\" style=\"flex-basis:67%\"><div class=\"wp-block-image\">\n<figure class=\"alignright size-large\"><img loading=\"lazy\" decoding=\"async\" width=\"768\" height=\"1024\" src=\"https:\/\/laruchemelipone.fr\/wp-content\/uploads\/2022\/11\/IMG_4423-gigapixel-standard-scale-2_00x-768x1024.jpg\" alt=\"\" class=\"wp-image-337\" srcset=\"https:\/\/www.laruchemelipone.fr\/wp-content\/uploads\/2022\/11\/IMG_4423-gigapixel-standard-scale-2_00x-768x1024.jpg 768w, https:\/\/www.laruchemelipone.fr\/wp-content\/uploads\/2022\/11\/IMG_4423-gigapixel-standard-scale-2_00x-225x300.jpg 225w, https:\/\/www.laruchemelipone.fr\/wp-content\/uploads\/2022\/11\/IMG_4423-gigapixel-standard-scale-2_00x.jpg 960w\" sizes=\"auto, (max-width: 768px) 100vw, 768px\" \/><\/figure>\n<\/div><\/div>\n\n\n\n<div class=\"wp-block-column is-vertically-aligned-center is-layout-flow wp-block-column-is-layout-flow\" style=\"flex-basis:33%\">\n<p>La station constitue un p\u00f4le touristique majeur de par son climat et son patrimoine, que ce soit historique ou naturel.<\/p>\n\n\n\n<p>Le thermalisme et la r\u00e9\u00e9ducation fonctionnelle occupent une place importante dans la vie \u00e9conomique de la station et des alentours. <em>La Ruche M\u00e9lipone \u0153uvre tout particuli\u00e8rement \u00e0 adapter ses logements aux divers besoins des personnes \u00e0 mobilit\u00e9 r\u00e9duites&nbsp;: nous vous proposons d\u00e9j\u00e0 trois appartements accessibles avec accompagnant.<\/em><\/p>\n\n\n\n<p>A Lamalou-les-Bains, une multitude d&rsquo;activit\u00e9s vous permettront d&rsquo;appr\u00e9cier en toutes saisons le dynamisme de la station. Quelles que soient vos aptitudes, vous pourrez pratiquer les sports de votre choix en toute libert\u00e9.<\/p>\n<\/div>\n<\/div>\n<\/div><\/div>\n\n\n\n<h2 class=\"wp-block-heading\" style=\"font-size:64px\">Nos g\u00eetes sont id\u00e9alement situ\u00e9s.<\/h2>\n\n\n\n<div class=\"wp-block-columns is-layout-flex wp-container-core-columns-is-layout-9d6595d7 wp-block-columns-is-layout-flex\">\n<div class=\"wp-block-column is-layout-flow wp-block-column-is-layout-flow\">\n<p style=\"font-size:14px\"><strong><strong><a href=\"https:\/\/laruchemelipone.fr\/?page_id=251\" data-type=\"page\" data-id=\"251\">3 Impasse Charcot<\/a><\/strong><\/strong><br>Lamalou-les-Bains, Centre<\/p>\n\n\n\t\t<div id=\"wpmapblock_88b5373f\" data-settings='{&quot;map_marker&quot;:[{&quot;lat&quot;:&quot;43.594479938686&quot;,&quot;lng&quot;:&quot;3.0820244550705&quot;,&quot;title&quot;:&quot;3 Impasse Charcot, Lamalou-les-Bains&quot;,&quot;content&quot;:&quot;&quot;,&quot;iconType&quot;:&quot;default&quot;,&quot;customIconUrl&quot;:&quot;&quot;,&quot;customIconWidth&quot;:&quot;25&quot;,&quot;customIconHeight&quot;:&quot;40&quot;}],&quot;map_zoom&quot;:&quot;20&quot;,&quot;scroll_wheel_zoom&quot;:false,&quot;map_type&quot;:&quot;OSM&quot;,&quot;center_index&quot;:0}' class=\"wpmapblockrender\" style=\"\n\t\t\twidth: 100%;\n\t\t\theight: 300px;\n\t\t\"><\/div>\n        <\/div>\n\n\n\n<div class=\"wp-block-column is-layout-flow wp-block-column-is-layout-flow\">\t\t<div id=\"wpmapblock_041ce2e4\" data-settings='{&quot;map_marker&quot;:[{&quot;lat&quot;:&quot;43.595462865256&quot;,&quot;lng&quot;:&quot;3.0821532011032&quot;,&quot;title&quot;:&quot;2 Avenue Charcot, Lamalou-les-Bains&quot;,&quot;content&quot;:&quot;&quot;,&quot;iconType&quot;:&quot;default&quot;,&quot;customIconUrl&quot;:&quot;&quot;,&quot;customIconWidth&quot;:&quot;25&quot;,&quot;customIconHeight&quot;:&quot;40&quot;}],&quot;map_zoom&quot;:&quot;18&quot;,&quot;scroll_wheel_zoom&quot;:false,&quot;map_type&quot;:&quot;OSM&quot;,&quot;center_index&quot;:0}' class=\"wpmapblockrender\" style=\"\n\t\t\twidth: 100%;\n\t\t\theight: 300px;\n\t\t\"><\/div>\n        \n\n\n<p style=\"font-size:14px\"><strong><a href=\"https:\/\/laruchemelipone.fr\/?page_id=249\" data-type=\"page\" data-id=\"249\">2 Avenue Charcot<\/a><\/strong><br>Lamalou-les-Bains, Centre<\/p>\n<\/div>\n<\/div>\n\n\n\n<div class=\"wp-block-columns alignfull is-layout-flex wp-container-core-columns-is-layout-9d6595d7 wp-block-columns-is-layout-flex\">\n<div class=\"wp-block-column is-layout-flow wp-block-column-is-layout-flow\" style=\"flex-basis:50%\">\n<div class=\"wp-block-cover is-light\" style=\"min-height:600px;aspect-ratio:unset;\"><span aria-hidden=\"true\" class=\"wp-block-cover__background has-background-dim-100 has-background-dim\" style=\"background-color:#f6f6f6\"><\/span><div class=\"wp-block-cover__inner-container is-layout-flow wp-block-cover-is-layout-flow\"><div class=\"wp-block-image\">\n<figure class=\"aligncenter size-full\"><img loading=\"lazy\" decoding=\"async\" width=\"600\" height=\"600\" src=\"https:\/\/laruchemelipone.fr\/wp-content\/uploads\/2022\/11\/Chem2.png\" alt=\"\" class=\"wp-image-339\" srcset=\"https:\/\/www.laruchemelipone.fr\/wp-content\/uploads\/2022\/11\/Chem2.png 600w, https:\/\/www.laruchemelipone.fr\/wp-content\/uploads\/2022\/11\/Chem2-300x300.png 300w, https:\/\/www.laruchemelipone.fr\/wp-content\/uploads\/2022\/11\/Chem2-150x150.png 150w\" sizes=\"auto, (max-width: 600px) 100vw, 600px\" \/><\/figure>\n<\/div><\/div><\/div>\n<\/div>\n\n\n\n<div class=\"wp-block-column is-vertically-aligned-center is-layout-flow wp-block-column-is-layout-flow\" style=\"padding-top:1em;padding-right:1em;padding-bottom:1em;padding-left:1em\">\n<div class=\"wp-block-columns is-layout-flex wp-container-core-columns-is-layout-9d6595d7 wp-block-columns-is-layout-flex\">\n<div class=\"wp-block-column is-layout-flow wp-block-column-is-layout-flow\" style=\"flex-basis:320px\">\n<p class=\"has-large-font-size\" style=\"line-height:1.6\"><strong><strong>Pourquoi choisir les thermes de Lamalou-les-Bains?<\/strong><\/strong><\/p>\n\n\n\n<p class=\"has-small-font-size\" style=\"line-height:1.6\">Les <strong>Eaux de Lamalou<\/strong> sont bicarbonat\u00e9es, ferrugineuses, riches en calcium, magn\u00e9sium, mangan\u00e8se, potassium, zinc, silice et gaz carbonique. Elles proviennent des 2 sources principales avec l\u2019Usclade jaillissant \u00e0 53\u00b0C et la Verni\u00e8re (28\u00b0C) avec des vertus antalgiques, anti-inflammatoires, tonifiant musculaire, adoucissantes et vasodilatatrices.<\/p>\n<\/div>\n<\/div>\n<\/div>\n<\/div>\n\n\n\n<div class=\"wp-block-cover alignfull\" style=\"min-height:928px;aspect-ratio:unset;\"><span aria-hidden=\"true\" class=\"wp-block-cover__background has-background-dim-70 has-background-dim\"><\/span><img loading=\"lazy\" decoding=\"async\" width=\"2460\" height=\"1608\" class=\"wp-block-cover__image-background wp-image-283\" alt=\"\" src=\"https:\/\/laruchemelipone.fr\/wp-content\/uploads\/2022\/09\/ABEILLES.jpg\" data-object-fit=\"cover\" srcset=\"https:\/\/www.laruchemelipone.fr\/wp-content\/uploads\/2022\/09\/ABEILLES.jpg 2460w, https:\/\/www.laruchemelipone.fr\/wp-content\/uploads\/2022\/09\/ABEILLES-300x196.jpg 300w, https:\/\/www.laruchemelipone.fr\/wp-content\/uploads\/2022\/09\/ABEILLES-1024x669.jpg 1024w, https:\/\/www.laruchemelipone.fr\/wp-content\/uploads\/2022\/09\/ABEILLES-768x502.jpg 768w, https:\/\/www.laruchemelipone.fr\/wp-content\/uploads\/2022\/09\/ABEILLES-1536x1004.jpg 1536w, https:\/\/www.laruchemelipone.fr\/wp-content\/uploads\/2022\/09\/ABEILLES-2048x1339.jpg 2048w, https:\/\/www.laruchemelipone.fr\/wp-content\/uploads\/2022\/09\/ABEILLES-1200x784.jpg 1200w, https:\/\/www.laruchemelipone.fr\/wp-content\/uploads\/2022\/09\/ABEILLES-1980x1294.jpg 1980w\" sizes=\"auto, (max-width: 2460px) 100vw, 2460px\" \/><div class=\"wp-block-cover__inner-container is-layout-flow wp-block-cover-is-layout-flow\">\n<h2 class=\"wp-block-heading alignwide has-text-color\" style=\"color:#ffe074;font-size:64px\">D\u00e9couvrez la Ruche!<\/h2>\n\n\n\n<div class=\"wp-block-columns alignwide is-layout-flex wp-container-core-columns-is-layout-9d6595d7 wp-block-columns-is-layout-flex\">\n<div class=\"wp-block-column is-layout-flow wp-block-column-is-layout-flow\" style=\"flex-basis:55%\">\n<p><\/p>\n\n\n\n<p class=\"has-text-color\" style=\"color:#ffe074\">Lamalou-les-Bains, forte de sa situation g\u00e9ographique privil\u00e9gi\u00e9e, et du haut de ses 200 m\u00e8tres d&rsquo;altitude, b\u00e9n\u00e9ficie d&rsquo;une richesse florale sensationnelle.<\/p>\n\n\n\n<p><\/p>\n\n\n\n<p class=\"has-text-color\" style=\"color:#ffe074\">Lilian MONSERRAT, avec son cheptel de plus de 800 ruches, sait profiter de ces diff\u00e9rentes floraisons pour ravir nos papilles ! En compagnie de Muriel, son \u00e9pouse et votre future h\u00f4te, vous serez convi\u00e9s \u00e0 d\u00e9guster \u00e0 La Ruche M\u00e9lipone, toutes nos miell\u00e9es et bien d\u2019autres produits du terroir \u00e0 d\u00e9couvrir lors de visites sur l&rsquo;exploitation.<\/p>\n\n\n\n<p><\/p>\n\n\n\n<p class=\"has-text-color\" style=\"color:#ffe074\"><strong>LE RUCHER DES ARTS, <\/strong>est une exploitation agricole qui reprend dans la tradition, les plaisirs gustatifs du pass\u00e9.<\/p>\n\n\n\n<p class=\"has-text-color\" style=\"color:#ffe074\">\u00c0 d\u00e9guster au <strong>RUCHER DES ARTS,<\/strong> au <a href=\"https:\/\/www.google.com\/maps\/place\/LE+RUCHER+DES+ARTS\/@43.5953458,3.0820615,17z\/data=!3m1!4b1!4m5!3m4!1s0x12b19d93d699fe83:0x3c0837a281c22d70!8m2!3d43.5953461!4d3.0820527\" data-type=\"URL\" data-id=\"https:\/\/www.google.com\/maps\/place\/LE+RUCHER+DES+ARTS\/@43.5953458,3.0820615,17z\/data=!3m1!4b1!4m5!3m4!1s0x12b19d93d699fe83:0x3c0837a281c22d70!8m2!3d43.5953461!4d3.0820527\">2 avenue Charcot, 34240 Lamalou-les-Bains<\/a><\/p>\n\n\n\n<p class=\"has-text-color\" style=\"color:#ffe074\"><strong> Des visites sont pr\u00e9vues r\u00e9guli\u00e8rement.<\/strong> <strong>S&rsquo;adresser \u00e0 l&rsquo;office du tourisme : 04 67 95 70 91<\/strong><\/p>\n<\/div>\n\n\n\n<div class=\"wp-block-column is-layout-flow wp-block-column-is-layout-flow\">\n<div class=\"wp-block-jetpack-slideshow aligncenter\" data-autoplay=\"true\" data-delay=\"3\" data-effect=\"slide\"><div class=\"wp-block-jetpack-slideshow_container swiper-container\"><ul class=\"wp-block-jetpack-slideshow_swiper-wrapper swiper-wrapper\"><li class=\"wp-block-jetpack-slideshow_slide swiper-slide\"><figure><img loading=\"lazy\" decoding=\"async\" width=\"768\" height=\"1024\" alt=\"\" class=\"wp-block-jetpack-slideshow_image wp-image-341\" data-id=\"341\" src=\"https:\/\/laruchemelipone.fr\/wp-content\/uploads\/2022\/11\/IMG_23711-gigapixel-standard-scale-4_00x-768x1024.jpg\" srcset=\"https:\/\/www.laruchemelipone.fr\/wp-content\/uploads\/2022\/11\/IMG_23711-gigapixel-standard-scale-4_00x-768x1024.jpg 768w, https:\/\/www.laruchemelipone.fr\/wp-content\/uploads\/2022\/11\/IMG_23711-gigapixel-standard-scale-4_00x-225x300.jpg 225w, https:\/\/www.laruchemelipone.fr\/wp-content\/uploads\/2022\/11\/IMG_23711-gigapixel-standard-scale-4_00x-1152x1536.jpg 1152w, https:\/\/www.laruchemelipone.fr\/wp-content\/uploads\/2022\/11\/IMG_23711-gigapixel-standard-scale-4_00x-1536x2048.jpg 1536w, https:\/\/www.laruchemelipone.fr\/wp-content\/uploads\/2022\/11\/IMG_23711-gigapixel-standard-scale-4_00x-1200x1600.jpg 1200w, https:\/\/www.laruchemelipone.fr\/wp-content\/uploads\/2022\/11\/IMG_23711-gigapixel-standard-scale-4_00x.jpg 1920w\" sizes=\"auto, (max-width: 768px) 100vw, 768px\" \/><\/figure><\/li><li class=\"wp-block-jetpack-slideshow_slide swiper-slide\"><figure><img loading=\"lazy\" decoding=\"async\" width=\"819\" height=\"1024\" alt=\"\" class=\"wp-block-jetpack-slideshow_image wp-image-307\" data-id=\"307\" src=\"https:\/\/laruchemelipone.fr\/wp-content\/uploads\/2022\/09\/296097259_1463722124079342_1839860951822685375_n-819x1024.jpg\" srcset=\"https:\/\/www.laruchemelipone.fr\/wp-content\/uploads\/2022\/09\/296097259_1463722124079342_1839860951822685375_n-819x1024.jpg 819w, https:\/\/www.laruchemelipone.fr\/wp-content\/uploads\/2022\/09\/296097259_1463722124079342_1839860951822685375_n-240x300.jpg 240w, https:\/\/www.laruchemelipone.fr\/wp-content\/uploads\/2022\/09\/296097259_1463722124079342_1839860951822685375_n-768x960.jpg 768w, https:\/\/www.laruchemelipone.fr\/wp-content\/uploads\/2022\/09\/296097259_1463722124079342_1839860951822685375_n.jpg 1080w\" sizes=\"auto, (max-width: 819px) 100vw, 819px\" \/><\/figure><\/li><li class=\"wp-block-jetpack-slideshow_slide swiper-slide\"><figure><img loading=\"lazy\" decoding=\"async\" width=\"819\" height=\"1024\" alt=\"\" class=\"wp-block-jetpack-slideshow_image wp-image-308\" data-id=\"308\" src=\"https:\/\/laruchemelipone.fr\/wp-content\/uploads\/2022\/09\/296440007_2866583126983525_2289772561828975191_n-819x1024.jpg\" srcset=\"https:\/\/www.laruchemelipone.fr\/wp-content\/uploads\/2022\/09\/296440007_2866583126983525_2289772561828975191_n-819x1024.jpg 819w, https:\/\/www.laruchemelipone.fr\/wp-content\/uploads\/2022\/09\/296440007_2866583126983525_2289772561828975191_n-240x300.jpg 240w, https:\/\/www.laruchemelipone.fr\/wp-content\/uploads\/2022\/09\/296440007_2866583126983525_2289772561828975191_n-768x960.jpg 768w, https:\/\/www.laruchemelipone.fr\/wp-content\/uploads\/2022\/09\/296440007_2866583126983525_2289772561828975191_n.jpg 1080w\" sizes=\"auto, (max-width: 819px) 100vw, 819px\" \/><\/figure><\/li><li class=\"wp-block-jetpack-slideshow_slide swiper-slide\"><figure><img loading=\"lazy\" decoding=\"async\" width=\"819\" height=\"1024\" alt=\"\" class=\"wp-block-jetpack-slideshow_image wp-image-309\" data-id=\"309\" src=\"https:\/\/laruchemelipone.fr\/wp-content\/uploads\/2022\/09\/296305568_1061593874471985_5337390023606738805_n-819x1024.jpg\" srcset=\"https:\/\/www.laruchemelipone.fr\/wp-content\/uploads\/2022\/09\/296305568_1061593874471985_5337390023606738805_n-819x1024.jpg 819w, https:\/\/www.laruchemelipone.fr\/wp-content\/uploads\/2022\/09\/296305568_1061593874471985_5337390023606738805_n-240x300.jpg 240w, https:\/\/www.laruchemelipone.fr\/wp-content\/uploads\/2022\/09\/296305568_1061593874471985_5337390023606738805_n-768x960.jpg 768w, https:\/\/www.laruchemelipone.fr\/wp-content\/uploads\/2022\/09\/296305568_1061593874471985_5337390023606738805_n.jpg 1080w\" sizes=\"auto, (max-width: 819px) 100vw, 819px\" \/><\/figure><\/li><li class=\"wp-block-jetpack-slideshow_slide swiper-slide\"><figure><img loading=\"lazy\" decoding=\"async\" width=\"819\" height=\"1024\" alt=\"\" class=\"wp-block-jetpack-slideshow_image wp-image-310\" data-id=\"310\" src=\"https:\/\/laruchemelipone.fr\/wp-content\/uploads\/2022\/09\/296728089_538458708057747_4718309381194714801_n-819x1024.jpg\" srcset=\"https:\/\/www.laruchemelipone.fr\/wp-content\/uploads\/2022\/09\/296728089_538458708057747_4718309381194714801_n-819x1024.jpg 819w, https:\/\/www.laruchemelipone.fr\/wp-content\/uploads\/2022\/09\/296728089_538458708057747_4718309381194714801_n-240x300.jpg 240w, https:\/\/www.laruchemelipone.fr\/wp-content\/uploads\/2022\/09\/296728089_538458708057747_4718309381194714801_n-768x960.jpg 768w, https:\/\/www.laruchemelipone.fr\/wp-content\/uploads\/2022\/09\/296728089_538458708057747_4718309381194714801_n.jpg 1080w\" sizes=\"auto, (max-width: 819px) 100vw, 819px\" \/><\/figure><\/li><\/ul><a class=\"wp-block-jetpack-slideshow_button-prev swiper-button-prev swiper-button-white\" role=\"button\"><\/a><a class=\"wp-block-jetpack-slideshow_button-next swiper-button-next swiper-button-white\" role=\"button\"><\/a><a aria-label=\"Pause Slideshow\" class=\"wp-block-jetpack-slideshow_button-pause\" role=\"button\"><\/a><div class=\"wp-block-jetpack-slideshow_pagination swiper-pagination swiper-pagination-white\"><\/div><\/div><\/div>\n<\/div>\n<\/div>\n<\/div><\/div>\n","protected":false},"excerpt":{"rendered":"<p>D\u00e9couvrez Lamalou-les-Bains. Nos g\u00eetes meubl\u00e9s sont situ\u00e9s \u00e0 Lamalou-les-Bains, commune situ\u00e9e au sein du Parc Naturel R\u00e9gional du Haut-Languedoc dans l&rsquo;H\u00e9rault \u00e0 environ 80 kilom\u00e8tres de Montpellier. Les Thermes de Lamalou sont exploit\u00e9es depuis le XIX\u00e8me si\u00e8cle. Riches d&rsquo;une quinzaine de sources environ, seulement deux d&rsquo;entre-elles, et pas les moindres, sont g\u00e9r\u00e9s par la Chaine [&hellip;]<\/p>\n","protected":false},"author":1,"featured_media":267,"parent":0,"menu_order":0,"comment_status":"closed","ping_status":"closed","template":"templates\/template-cover.php","meta":{"spay_email":"","footnotes":""},"class_list":["post-40","page","type-page","status-publish","has-post-thumbnail","hentry"],"_links":{"self":[{"href":"https:\/\/www.laruchemelipone.fr\/index.php?rest_route=\/wp\/v2\/pages\/40","targetHints":{"allow":["GET"]}}],"collection":[{"href":"https:\/\/www.laruchemelipone.fr\/index.php?rest_route=\/wp\/v2\/pages"}],"about":[{"href":"https:\/\/www.laruchemelipone.fr\/index.php?rest_route=\/wp\/v2\/types\/page"}],"author":[{"embeddable":true,"href":"https:\/\/www.laruchemelipone.fr\/index.php?rest_route=\/wp\/v2\/users\/1"}],"replies":[{"embeddable":true,"href":"https:\/\/www.laruchemelipone.fr\/index.php?rest_route=%2Fwp%2Fv2%2Fcomments&post=40"}],"version-history":[{"count":43,"href":"https:\/\/www.laruchemelipone.fr\/index.php?rest_route=\/wp\/v2\/pages\/40\/revisions"}],"predecessor-version":[{"id":392,"href":"https:\/\/www.laruchemelipone.fr\/index.php?rest_route=\/wp\/v2\/pages\/40\/revisions\/392"}],"wp:featuredmedia":[{"embeddable":true,"href":"https:\/\/www.laruchemelipone.fr\/index.php?rest_route=\/wp\/v2\/media\/267"}],"wp:attachment":[{"href":"https:\/\/www.laruchemelipone.fr\/index.php?rest_route=%2Fwp%2Fv2%2Fmedia&parent=40"}],"curies":[{"name":"wp","href":"https:\/\/api.w.org\/{rel}","templated":true}]}}