{"id":58,"date":"2022-06-08T14:09:44","date_gmt":"2022-06-08T12:09:44","guid":{"rendered":"https:\/\/laruchemelipone.fr\/?page_id=58"},"modified":"2023-07-20T12:44:37","modified_gmt":"2023-07-20T10:44:37","slug":"nidabeil","status":"publish","type":"page","link":"https:\/\/www.laruchemelipone.fr\/?page_id=58","title":{"rendered":"Nidabeil"},"content":{"rendered":"\n<p><\/p>\n\n\n\n<div class=\"wp-block-jetpack-slideshow aligncenter\" data-autoplay=\"true\" data-delay=\"4\" data-effect=\"slide\"><div class=\"wp-block-jetpack-slideshow_container swiper-container\"><ul class=\"wp-block-jetpack-slideshow_swiper-wrapper swiper-wrapper\"><li class=\"wp-block-jetpack-slideshow_slide swiper-slide\"><figure><img loading=\"lazy\" decoding=\"async\" width=\"768\" height=\"1024\" alt=\"\" class=\"wp-block-jetpack-slideshow_image wp-image-122\" data-id=\"122\" src=\"https:\/\/laruchemelipone.fr\/wp-content\/uploads\/2022\/06\/Nidabeil8-768x1024.jpg\" srcset=\"https:\/\/www.laruchemelipone.fr\/wp-content\/uploads\/2022\/06\/Nidabeil8-768x1024.jpg 768w, https:\/\/www.laruchemelipone.fr\/wp-content\/uploads\/2022\/06\/Nidabeil8-225x300.jpg 225w, https:\/\/www.laruchemelipone.fr\/wp-content\/uploads\/2022\/06\/Nidabeil8-1152x1536.jpg 1152w, https:\/\/www.laruchemelipone.fr\/wp-content\/uploads\/2022\/06\/Nidabeil8-1536x2048.jpg 1536w, https:\/\/www.laruchemelipone.fr\/wp-content\/uploads\/2022\/06\/Nidabeil8-1200x1600.jpg 1200w, https:\/\/www.laruchemelipone.fr\/wp-content\/uploads\/2022\/06\/Nidabeil8-1980x2640.jpg 1980w, https:\/\/www.laruchemelipone.fr\/wp-content\/uploads\/2022\/06\/Nidabeil8-scaled.jpg 1920w\" sizes=\"auto, (max-width: 768px) 100vw, 768px\" \/><\/figure><\/li><li class=\"wp-block-jetpack-slideshow_slide swiper-slide\"><figure><img loading=\"lazy\" decoding=\"async\" width=\"768\" height=\"1024\" alt=\"\" class=\"wp-block-jetpack-slideshow_image wp-image-121\" data-id=\"121\" src=\"https:\/\/laruchemelipone.fr\/wp-content\/uploads\/2022\/06\/Nidabeil7-768x1024.jpg\" srcset=\"https:\/\/www.laruchemelipone.fr\/wp-content\/uploads\/2022\/06\/Nidabeil7-768x1024.jpg 768w, https:\/\/www.laruchemelipone.fr\/wp-content\/uploads\/2022\/06\/Nidabeil7-225x300.jpg 225w, https:\/\/www.laruchemelipone.fr\/wp-content\/uploads\/2022\/06\/Nidabeil7-1152x1536.jpg 1152w, https:\/\/www.laruchemelipone.fr\/wp-content\/uploads\/2022\/06\/Nidabeil7-1536x2048.jpg 1536w, https:\/\/www.laruchemelipone.fr\/wp-content\/uploads\/2022\/06\/Nidabeil7-1200x1600.jpg 1200w, https:\/\/www.laruchemelipone.fr\/wp-content\/uploads\/2022\/06\/Nidabeil7-1980x2640.jpg 1980w, https:\/\/www.laruchemelipone.fr\/wp-content\/uploads\/2022\/06\/Nidabeil7-scaled.jpg 1920w\" sizes=\"auto, (max-width: 768px) 100vw, 768px\" \/><\/figure><\/li><li class=\"wp-block-jetpack-slideshow_slide swiper-slide\"><figure><img loading=\"lazy\" decoding=\"async\" width=\"480\" height=\"640\" alt=\"\" class=\"wp-block-jetpack-slideshow_image wp-image-353\" data-id=\"353\" src=\"https:\/\/laruchemelipone.fr\/wp-content\/uploads\/2022\/11\/IMG_4218-rotated.jpg\" srcset=\"https:\/\/www.laruchemelipone.fr\/wp-content\/uploads\/2022\/11\/IMG_4218-rotated.jpg 480w, https:\/\/www.laruchemelipone.fr\/wp-content\/uploads\/2022\/11\/IMG_4218-225x300.jpg 225w\" sizes=\"auto, (max-width: 480px) 100vw, 480px\" \/><\/figure><\/li><li class=\"wp-block-jetpack-slideshow_slide swiper-slide\"><figure><img loading=\"lazy\" decoding=\"async\" width=\"498\" height=\"1024\" alt=\"\" class=\"wp-block-jetpack-slideshow_image wp-image-115\" data-id=\"115\" src=\"https:\/\/laruchemelipone.fr\/wp-content\/uploads\/2022\/06\/Nidabeil2-498x1024.jpg\" srcset=\"https:\/\/www.laruchemelipone.fr\/wp-content\/uploads\/2022\/06\/Nidabeil2-498x1024.jpg 498w, https:\/\/www.laruchemelipone.fr\/wp-content\/uploads\/2022\/06\/Nidabeil2-146x300.jpg 146w, https:\/\/www.laruchemelipone.fr\/wp-content\/uploads\/2022\/06\/Nidabeil2-768x1580.jpg 768w, https:\/\/www.laruchemelipone.fr\/wp-content\/uploads\/2022\/06\/Nidabeil2-746x1536.jpg 746w, https:\/\/www.laruchemelipone.fr\/wp-content\/uploads\/2022\/06\/Nidabeil2.jpg 777w\" sizes=\"auto, (max-width: 498px) 100vw, 498px\" \/><\/figure><\/li><li class=\"wp-block-jetpack-slideshow_slide swiper-slide\"><figure><img loading=\"lazy\" decoding=\"async\" width=\"768\" height=\"1024\" alt=\"\" class=\"wp-block-jetpack-slideshow_image wp-image-116\" data-id=\"116\" src=\"https:\/\/laruchemelipone.fr\/wp-content\/uploads\/2022\/06\/Nidabeil3-768x1024.jpg\" srcset=\"https:\/\/www.laruchemelipone.fr\/wp-content\/uploads\/2022\/06\/Nidabeil3-768x1024.jpg 768w, https:\/\/www.laruchemelipone.fr\/wp-content\/uploads\/2022\/06\/Nidabeil3-225x300.jpg 225w, https:\/\/www.laruchemelipone.fr\/wp-content\/uploads\/2022\/06\/Nidabeil3-1152x1536.jpg 1152w, https:\/\/www.laruchemelipone.fr\/wp-content\/uploads\/2022\/06\/Nidabeil3-1536x2048.jpg 1536w, https:\/\/www.laruchemelipone.fr\/wp-content\/uploads\/2022\/06\/Nidabeil3-1200x1600.jpg 1200w, https:\/\/www.laruchemelipone.fr\/wp-content\/uploads\/2022\/06\/Nidabeil3-1980x2640.jpg 1980w, https:\/\/www.laruchemelipone.fr\/wp-content\/uploads\/2022\/06\/Nidabeil3-scaled.jpg 1920w\" sizes=\"auto, (max-width: 768px) 100vw, 768px\" \/><\/figure><\/li><li class=\"wp-block-jetpack-slideshow_slide swiper-slide\"><figure><img loading=\"lazy\" decoding=\"async\" width=\"480\" height=\"640\" alt=\"\" class=\"wp-block-jetpack-slideshow_image wp-image-352\" data-id=\"352\" src=\"https:\/\/laruchemelipone.fr\/wp-content\/uploads\/2022\/11\/IMG_4219-rotated.jpg\" srcset=\"https:\/\/www.laruchemelipone.fr\/wp-content\/uploads\/2022\/11\/IMG_4219-rotated.jpg 480w, https:\/\/www.laruchemelipone.fr\/wp-content\/uploads\/2022\/11\/IMG_4219-225x300.jpg 225w\" sizes=\"auto, (max-width: 480px) 100vw, 480px\" \/><\/figure><\/li><li class=\"wp-block-jetpack-slideshow_slide swiper-slide\"><figure><img loading=\"lazy\" decoding=\"async\" width=\"768\" height=\"1024\" alt=\"\" class=\"wp-block-jetpack-slideshow_image wp-image-120\" data-id=\"120\" src=\"https:\/\/laruchemelipone.fr\/wp-content\/uploads\/2022\/06\/Nidabeil6-768x1024.jpg\" srcset=\"https:\/\/www.laruchemelipone.fr\/wp-content\/uploads\/2022\/06\/Nidabeil6-768x1024.jpg 768w, https:\/\/www.laruchemelipone.fr\/wp-content\/uploads\/2022\/06\/Nidabeil6-225x300.jpg 225w, https:\/\/www.laruchemelipone.fr\/wp-content\/uploads\/2022\/06\/Nidabeil6-1152x1536.jpg 1152w, https:\/\/www.laruchemelipone.fr\/wp-content\/uploads\/2022\/06\/Nidabeil6-1536x2048.jpg 1536w, https:\/\/www.laruchemelipone.fr\/wp-content\/uploads\/2022\/06\/Nidabeil6-1200x1600.jpg 1200w, https:\/\/www.laruchemelipone.fr\/wp-content\/uploads\/2022\/06\/Nidabeil6-1980x2640.jpg 1980w, https:\/\/www.laruchemelipone.fr\/wp-content\/uploads\/2022\/06\/Nidabeil6-scaled.jpg 1920w\" sizes=\"auto, (max-width: 768px) 100vw, 768px\" \/><\/figure><\/li><li class=\"wp-block-jetpack-slideshow_slide swiper-slide\"><figure><img loading=\"lazy\" decoding=\"async\" width=\"480\" height=\"640\" alt=\"\" class=\"wp-block-jetpack-slideshow_image wp-image-351\" data-id=\"351\" src=\"https:\/\/laruchemelipone.fr\/wp-content\/uploads\/2022\/11\/IMG_4216-rotated.jpg\" srcset=\"https:\/\/www.laruchemelipone.fr\/wp-content\/uploads\/2022\/11\/IMG_4216-rotated.jpg 480w, https:\/\/www.laruchemelipone.fr\/wp-content\/uploads\/2022\/11\/IMG_4216-225x300.jpg 225w\" sizes=\"auto, (max-width: 480px) 100vw, 480px\" \/><\/figure><\/li><li class=\"wp-block-jetpack-slideshow_slide swiper-slide\"><figure><img loading=\"lazy\" decoding=\"async\" width=\"480\" height=\"640\" alt=\"\" class=\"wp-block-jetpack-slideshow_image wp-image-354\" data-id=\"354\" src=\"https:\/\/laruchemelipone.fr\/wp-content\/uploads\/2022\/11\/IMG_4217-rotated.jpg\" srcset=\"https:\/\/www.laruchemelipone.fr\/wp-content\/uploads\/2022\/11\/IMG_4217-rotated.jpg 480w, https:\/\/www.laruchemelipone.fr\/wp-content\/uploads\/2022\/11\/IMG_4217-225x300.jpg 225w\" sizes=\"auto, (max-width: 480px) 100vw, 480px\" \/><\/figure><\/li><\/ul><a class=\"wp-block-jetpack-slideshow_button-prev swiper-button-prev swiper-button-white\" role=\"button\"><\/a><a class=\"wp-block-jetpack-slideshow_button-next swiper-button-next swiper-button-white\" role=\"button\"><\/a><a aria-label=\"Pause Slideshow\" class=\"wp-block-jetpack-slideshow_button-pause\" role=\"button\"><\/a><div class=\"wp-block-jetpack-slideshow_pagination swiper-pagination swiper-pagination-white\"><\/div><\/div><\/div>\n\n\n\n<div class=\"wp-block-columns alignfull has-text-color has-background is-layout-flex wp-container-core-columns-is-layout-9d6595d7 wp-block-columns-is-layout-flex\" style=\"color:#000000;background-color:#ffffff\">\n<div class=\"wp-block-column is-layout-flow wp-block-column-is-layout-flow\">\n<h3 class=\"wp-block-heading\" style=\"font-size:24px;line-height:1.3\"><strong><strong>Salle d\u2019eau<\/strong><\/strong><\/h3>\n\n\n\n<p>Toilettes et douche comprises. <strong>La laverie est commune<\/strong><\/p>\n<\/div>\n\n\n\n<div class=\"wp-block-column is-layout-flow wp-block-column-is-layout-flow\">\n<h3 class=\"wp-block-heading\" style=\"font-size:24px;line-height:1.3\"><strong><strong>Cuisine \u00e9quip\u00e9e<\/strong><\/strong><\/h3>\n\n\n\n<p>Lave-vaisselle, fours micro-onde et traditionnel<\/p>\n<\/div>\n\n\n\n<div class=\"wp-block-column is-layout-flow wp-block-column-is-layout-flow\">\n<h3 class=\"wp-block-heading\" style=\"font-size:24px;line-height:1.3\"><strong><strong>Chambre &amp; salon<\/strong><\/strong><\/h3>\n\n\n\n<p>Chambre s\u00e9par\u00e9e avec un lit en 140, coin s\u00e9jour avec canap\u00e9 convertible en 140<\/p>\n<\/div>\n\n\n\n<div class=\"wp-block-column is-layout-flow wp-block-column-is-layout-flow\">\n<h3 class=\"wp-block-heading\" style=\"font-size:24px\">Confort garanti<\/h3>\n\n\n\n<p>TV, WiFi, climatisation r\u00e9versible, fauteuil \u00e9lectrique, dressing, volets roulants. Terrasse ext\u00e9rieure de 10m\u00b2<\/p>\n<\/div>\n\n\n\n<div class=\"wp-block-column is-layout-flow wp-block-column-is-layout-flow\">\n<h3 class=\"wp-block-heading\" style=\"font-size:24px\">Accueil PMR<\/h3>\n\n\n\n<p>Ce g\u00eete respecte la norme PMR (personne \u00e0 mobilit\u00e9 r\u00e9duite)<\/p>\n<\/div>\n<\/div>\n\n\n\n<div class=\"wp-block-columns alignwide is-layout-flex wp-container-core-columns-is-layout-9d6595d7 wp-block-columns-is-layout-flex\">\n<div class=\"wp-block-column has-text-color has-background has-link-color wp-elements-f01447319fedba57e9a7cdd5e952eb99 is-layout-flow wp-block-column-is-layout-flow\" style=\"color:#000000;background-color:#ffe97d;padding-top:2em;padding-right:2em;padding-bottom:2em;padding-left:2em\">\n<h2 class=\"wp-block-heading\" id=\"single\" style=\"font-size:40px\"><strong><strong>Forfait Cure<\/strong><\/strong><\/h2>\n\n\n\n<ul class=\"wp-block-list\">\n<li>1 semaine: 250\u20ac \u00e0 350\u20ac<\/li>\n\n\n\n<li>2 semaine: 550\u20ac \u00e0 650\u20ac<\/li>\n\n\n\n<li>3 semaine: 800\u20ac \u00e0 950\u20ac<\/li>\n<\/ul>\n\n\n\n<div class=\"wp-block-buttons alignfull is-horizontal is-content-justification-center is-layout-flex wp-container-core-buttons-is-layout-499968f5 wp-block-buttons-is-layout-flex\">\n<div class=\"wp-block-button has-custom-width wp-block-button__width-100\"><a class=\"wp-block-button__link has-white-color has-text-color has-background no-border-radius wp-element-button\" href=\"https:\/\/laruchemelipone.fr\/?page_id=85\" style=\"background-color:#000000\">CONTACT<\/a><\/div>\n<\/div>\n<\/div>\n\n\n\n<div class=\"wp-block-column has-text-color has-background has-link-color wp-elements-ef5fce90493a194c4788610161f0bbe1 is-layout-flow wp-block-column-is-layout-flow\" style=\"color:#000000;background-color:#d1d1e1;padding-top:2em;padding-right:2em;padding-bottom:2em;padding-left:2em\">\n<h2 class=\"wp-block-heading\" id=\"family\" style=\"font-size:40px\"><strong><strong>Forfait Vacances<\/strong><\/strong><\/h2>\n\n\n\n<ul class=\"wp-block-list\">\n<li>1 semaine: 250\u20ac \u00e0 350\u20ac<\/li>\n\n\n\n<li>Voir disponibilit\u00e9s<\/li>\n<\/ul>\n\n\n\n<div class=\"wp-block-buttons alignfull is-horizontal is-content-justification-center is-layout-flex wp-container-core-buttons-is-layout-499968f5 wp-block-buttons-is-layout-flex\">\n<div class=\"wp-block-button has-custom-width wp-block-button__width-100 is-style-fill\"><a class=\"wp-block-button__link has-white-color has-text-color has-background no-border-radius wp-element-button\" href=\"https:\/\/laruchemelipone.fr\/?page_id=85\" style=\"background-color:#000000\">CONTACT<\/a><\/div>\n<\/div>\n<\/div>\n\n\n\n<div class=\"wp-block-column has-text-color has-background has-link-color wp-elements-224824f9dd834913a3e67dd0a10ae46b is-layout-flow wp-block-column-is-layout-flow\" style=\"color:#000000;background-color:#c0ebf1;padding-top:2em;padding-right:2em;padding-bottom:2em;padding-left:2em\">\n<h2 class=\"wp-block-heading\" id=\"patron\" style=\"font-size:29px\"><strong><strong><strong><strong><strong><strong><strong>Forfait Cure + Assurance annulation<\/strong><\/strong><\/strong><\/strong><\/strong><\/strong><\/strong><\/h2>\n\n\n\n<ul class=\"wp-block-list\">\n<li>-5% sur le total <em>(voir conditions)<\/em><\/li>\n<\/ul>\n\n\n\n<div class=\"wp-block-buttons alignfull is-horizontal is-content-justification-center is-layout-flex wp-container-core-buttons-is-layout-499968f5 wp-block-buttons-is-layout-flex\">\n<div class=\"wp-block-button has-custom-width wp-block-button__width-100\"><a class=\"wp-block-button__link has-white-color has-text-color has-background no-border-radius wp-element-button\" href=\"https:\/\/laruchemelipone.fr\/?page_id=85\" style=\"background-color:#000000\">CONTACT<\/a><\/div>\n<\/div>\n<\/div>\n<\/div>\n\n\n\t\t<div id=\"wpmapblock_1049d895\" data-settings='{&quot;map_marker&quot;:[{&quot;lat&quot;:&quot;43.59546286525581&quot;,&quot;lng&quot;:&quot;3.082153201103211&quot;,&quot;title&quot;:&quot;2 Avenue Charcot, Lamalou-les-Bains&quot;,&quot;content&quot;:&quot;&quot;,&quot;iconType&quot;:&quot;default&quot;,&quot;customIconUrl&quot;:&quot;&quot;,&quot;customIconWidth&quot;:&quot;25&quot;,&quot;customIconHeight&quot;:&quot;40&quot;}],&quot;map_zoom&quot;:&quot;18&quot;,&quot;scroll_wheel_zoom&quot;:false,&quot;map_type&quot;:&quot;GM&quot;,&quot;center_index&quot;:0}' class=\"wpmapblockrender\" style=\"\n\t\t\twidth: 100%;\n\t\t\theight: 500px;\n\t\t\"><\/div>\n        ","protected":false},"excerpt":{"rendered":"<p>Salle d\u2019eau Toilettes et douche comprises. La laverie est commune Cuisine \u00e9quip\u00e9e Lave-vaisselle, fours micro-onde et traditionnel Chambre &amp; salon Chambre s\u00e9par\u00e9e avec un lit en 140, coin s\u00e9jour avec canap\u00e9 convertible en 140 Confort garanti TV, WiFi, climatisation r\u00e9versible, fauteuil \u00e9lectrique, dressing, volets roulants. Terrasse ext\u00e9rieure de 10m\u00b2 Accueil PMR Ce g\u00eete respecte la [&hellip;]<\/p>\n","protected":false},"author":1,"featured_media":0,"parent":0,"menu_order":0,"comment_status":"closed","ping_status":"closed","template":"","meta":{"spay_email":"","footnotes":""},"class_list":["post-58","page","type-page","status-publish","hentry"],"_links":{"self":[{"href":"https:\/\/www.laruchemelipone.fr\/index.php?rest_route=\/wp\/v2\/pages\/58","targetHints":{"allow":["GET"]}}],"collection":[{"href":"https:\/\/www.laruchemelipone.fr\/index.php?rest_route=\/wp\/v2\/pages"}],"about":[{"href":"https:\/\/www.laruchemelipone.fr\/index.php?rest_route=\/wp\/v2\/types\/page"}],"author":[{"embeddable":true,"href":"https:\/\/www.laruchemelipone.fr\/index.php?rest_route=\/wp\/v2\/users\/1"}],"replies":[{"embeddable":true,"href":"https:\/\/www.laruchemelipone.fr\/index.php?rest_route=%2Fwp%2Fv2%2Fcomments&post=58"}],"version-history":[{"count":13,"href":"https:\/\/www.laruchemelipone.fr\/index.php?rest_route=\/wp\/v2\/pages\/58\/revisions"}],"predecessor-version":[{"id":387,"href":"https:\/\/www.laruchemelipone.fr\/index.php?rest_route=\/wp\/v2\/pages\/58\/revisions\/387"}],"wp:attachment":[{"href":"https:\/\/www.laruchemelipone.fr\/index.php?rest_route=%2Fwp%2Fv2%2Fmedia&parent=58"}],"curies":[{"name":"wp","href":"https:\/\/api.w.org\/{rel}","templated":true}]}}